{"id":3881,"date":"2025-03-31T10:18:51","date_gmt":"2025-03-31T10:18:51","guid":{"rendered":"https:\/\/novo.greeniberica.pt\/finance\/"},"modified":"2026-01-02T15:20:40","modified_gmt":"2026-01-02T15:20:40","slug":"financial","status":"publish","type":"page","link":"https:\/\/greeniberica.pt\/en\/financial\/","title":{"rendered":"Financial contacts"},"content":{"rendered":"\t\t<div data-elementor-type=\"wp-page\" data-elementor-id=\"3881\" class=\"elementor elementor-3881 elementor-419\" data-elementor-post-type=\"page\">\n\t\t\t\t<div class=\"elementor-element elementor-element-3f26cd e-flex e-con-boxed e-con e-parent\" data-id=\"3f26cd\" data-element_type=\"container\" data-e-type=\"container\" data-settings=\"{&quot;background_background&quot;:&quot;classic&quot;}\">\n\t\t\t\t\t<div class=\"e-con-inner\">\n\t\t\t\t<div class=\"elementor-element elementor-element-37f08066 elementor-widget elementor-widget-heading\" data-id=\"37f08066\" data-element_type=\"widget\" data-e-type=\"widget\" data-widget_type=\"heading.default\">\n\t\t\t\t\t<div class=\"elementor-heading-title elementor-size-default\">Contact<\/div>\t\t\t\t<\/div>\n\t\t\t\t<div class=\"elementor-element elementor-element-751377aa elementor-widget__width-auto elementor-widget elementor-widget-heading\" data-id=\"751377aa\" data-element_type=\"widget\" data-e-type=\"widget\" data-widget_type=\"heading.default\">\n\t\t\t\t\t<h1 class=\"elementor-heading-title elementor-size-default\">Finance<\/h1>\t\t\t\t<\/div>\n\t\t\t\t\t<\/div>\n\t\t\t\t<\/div>\n\t\t<div class=\"elementor-element elementor-element-18c84df3 e-flex e-con-boxed e-con e-parent\" data-id=\"18c84df3\" data-element_type=\"container\" data-e-type=\"container\">\n\t\t\t\t\t<div class=\"e-con-inner\">\n\t\t<div class=\"elementor-element elementor-element-527b8c05 e-con-full e-flex e-con e-child\" data-id=\"527b8c05\" data-element_type=\"container\" data-e-type=\"container\">\n\t\t<div class=\"elementor-element elementor-element-62ed67a9 e-con-full e-flex e-con e-child\" data-id=\"62ed67a9\" data-element_type=\"container\" data-e-type=\"container\">\n\t\t\t\t<div class=\"elementor-element elementor-element-792a6c39 elementor-widget elementor-widget-heading\" data-id=\"792a6c39\" data-element_type=\"widget\" data-e-type=\"widget\" data-widget_type=\"heading.default\">\n\t\t\t\t\t<h3 class=\"elementor-heading-title elementor-size-default\">Green Ib\u00e9rica Lisbon<\/h3>\t\t\t\t<\/div>\n\t\t\t\t<div class=\"elementor-element elementor-element-7fa7c380 elementor-icon-list--layout-traditional elementor-list-item-link-full_width elementor-widget elementor-widget-icon-list\" data-id=\"7fa7c380\" data-element_type=\"widget\" data-e-type=\"widget\" data-widget_type=\"icon-list.default\">\n\t\t\t\t\t\t\t<ul class=\"elementor-icon-list-items\">\n\t\t\t\t\t\t\t<li class=\"elementor-icon-list-item\">\n\t\t\t\t\t\t\t\t\t\t\t<a href=\"tel:351%20210%20026%20583\">\n\n\t\t\t\t\t\t\t\t\t\t\t\t<span class=\"elementor-icon-list-icon\">\n\t\t\t\t\t\t\t<svg aria-hidden=\"true\" class=\"e-font-icon-svg e-fas-phone-square-alt\" viewBox=\"0 0 448 512\" xmlns=\"http:\/\/www.w3.org\/2000\/svg\"><path d=\"M400 32H48A48 48 0 0 0 0 80v352a48 48 0 0 0 48 48h352a48 48 0 0 0 48-48V80a48 48 0 0 0-48-48zm-16.39 307.37l-15 65A15 15 0 0 1 354 416C194 416 64 286.29 64 126a15.7 15.7 0 0 1 11.63-14.61l65-15A18.23 18.23 0 0 1 144 96a16.27 16.27 0 0 1 13.79 9.09l30 70A17.9 17.9 0 0 1 189 181a17 17 0 0 1-5.5 11.61l-37.89 31a231.91 231.91 0 0 0 110.78 110.78l31-37.89A17 17 0 0 1 299 291a17.85 17.85 0 0 1 5.91 1.21l70 30A16.25 16.25 0 0 1 384 336a17.41 17.41 0 0 1-.39 3.37z\"><\/path><\/svg>\t\t\t\t\t\t<\/span>\n\t\t\t\t\t\t\t\t\t\t<span class=\"elementor-icon-list-text\">Tel. +351 <b>210 026 583<\/b><\/span>\n\t\t\t\t\t\t\t\t\t\t\t<\/a>\n\t\t\t\t\t\t\t\t\t<\/li>\n\t\t\t\t\t\t\t\t<li class=\"elementor-icon-list-item\">\n\t\t\t\t\t\t\t\t\t\t\t<a href=\"tel:351%20210%20026%20502\">\n\n\t\t\t\t\t\t\t\t\t\t\t\t<span class=\"elementor-icon-list-icon\">\n\t\t\t\t\t\t\t<svg aria-hidden=\"true\" class=\"e-font-icon-svg e-fas-phone-square-alt\" viewBox=\"0 0 448 512\" xmlns=\"http:\/\/www.w3.org\/2000\/svg\"><path d=\"M400 32H48A48 48 0 0 0 0 80v352a48 48 0 0 0 48 48h352a48 48 0 0 0 48-48V80a48 48 0 0 0-48-48zm-16.39 307.37l-15 65A15 15 0 0 1 354 416C194 416 64 286.29 64 126a15.7 15.7 0 0 1 11.63-14.61l65-15A18.23 18.23 0 0 1 144 96a16.27 16.27 0 0 1 13.79 9.09l30 70A17.9 17.9 0 0 1 189 181a17 17 0 0 1-5.5 11.61l-37.89 31a231.91 231.91 0 0 0 110.78 110.78l31-37.89A17 17 0 0 1 299 291a17.85 17.85 0 0 1 5.91 1.21l70 30A16.25 16.25 0 0 1 384 336a17.41 17.41 0 0 1-.39 3.37z\"><\/path><\/svg>\t\t\t\t\t\t<\/span>\n\t\t\t\t\t\t\t\t\t\t<span class=\"elementor-icon-list-text\">Tel. +351 <b>210 026 502<\/b><\/span>\n\t\t\t\t\t\t\t\t\t\t\t<\/a>\n\t\t\t\t\t\t\t\t\t<\/li>\n\t\t\t\t\t\t<\/ul>\n\t\t\t\t\t\t<\/div>\n\t\t\t\t<div class=\"elementor-element elementor-element-56eb61b3 elementor-icon-list--layout-traditional elementor-list-item-link-full_width elementor-widget elementor-widget-icon-list\" data-id=\"56eb61b3\" data-element_type=\"widget\" data-e-type=\"widget\" data-widget_type=\"icon-list.default\">\n\t\t\t\t\t\t\t<ul class=\"elementor-icon-list-items\">\n\t\t\t\t\t\t\t<li class=\"elementor-icon-list-item\">\n\t\t\t\t\t\t\t\t\t\t\t<a href=\"mailto:lsb.finact.gpt@greeniberica.ptt\">\n\n\t\t\t\t\t\t\t\t\t\t\t\t<span class=\"elementor-icon-list-icon\">\n\t\t\t\t\t\t\t<svg aria-hidden=\"true\" class=\"e-font-icon-svg e-fas-envelope-square\" viewBox=\"0 0 448 512\" xmlns=\"http:\/\/www.w3.org\/2000\/svg\"><path d=\"M400 32H48C21.49 32 0 53.49 0 80v352c0 26.51 21.49 48 48 48h352c26.51 0 48-21.49 48-48V80c0-26.51-21.49-48-48-48zM178.117 262.104C87.429 196.287 88.353 196.121 64 177.167V152c0-13.255 10.745-24 24-24h272c13.255 0 24 10.745 24 24v25.167c-24.371 18.969-23.434 19.124-114.117 84.938-10.5 7.655-31.392 26.12-45.883 25.894-14.503.218-35.367-18.227-45.883-25.895zM384 217.775V360c0 13.255-10.745 24-24 24H88c-13.255 0-24-10.745-24-24V217.775c13.958 10.794 33.329 25.236 95.303 70.214 14.162 10.341 37.975 32.145 64.694 32.01 26.887.134 51.037-22.041 64.72-32.025 61.958-44.965 81.325-59.406 95.283-70.199z\"><\/path><\/svg>\t\t\t\t\t\t<\/span>\n\t\t\t\t\t\t\t\t\t\t<span class=\"elementor-icon-list-text\">Email: lsb.finact.gpt@greeniberica.pt<\/span>\n\t\t\t\t\t\t\t\t\t\t\t<\/a>\n\t\t\t\t\t\t\t\t\t<\/li>\n\t\t\t\t\t\t<\/ul>\n\t\t\t\t\t\t<\/div>\n\t\t\t\t<\/div>\n\t\t<div class=\"elementor-element elementor-element-152fea5 e-con-full e-flex e-con e-child\" data-id=\"152fea5\" data-element_type=\"container\" data-e-type=\"container\">\n\t\t\t\t<div class=\"elementor-element elementor-element-5ac9d5e elementor-widget elementor-widget-heading\" data-id=\"5ac9d5e\" data-element_type=\"widget\" data-e-type=\"widget\" data-widget_type=\"heading.default\">\n\t\t\t\t\t<h3 class=\"elementor-heading-title elementor-size-default\">Green Ib\u00e9rica Human Resources<\/h3>\t\t\t\t<\/div>\n\t\t\t\t<div class=\"elementor-element elementor-element-f7013f7 elementor-icon-list--layout-traditional elementor-list-item-link-full_width elementor-widget elementor-widget-icon-list\" data-id=\"f7013f7\" data-element_type=\"widget\" data-e-type=\"widget\" data-widget_type=\"icon-list.default\">\n\t\t\t\t\t\t\t<ul class=\"elementor-icon-list-items\">\n\t\t\t\t\t\t\t<li class=\"elementor-icon-list-item\">\n\t\t\t\t\t\t\t\t\t\t\t<a href=\"tel:351%20210%20026%20559\">\n\n\t\t\t\t\t\t\t\t\t\t\t\t<span class=\"elementor-icon-list-icon\">\n\t\t\t\t\t\t\t<svg aria-hidden=\"true\" class=\"e-font-icon-svg e-fas-phone-square-alt\" viewBox=\"0 0 448 512\" xmlns=\"http:\/\/www.w3.org\/2000\/svg\"><path d=\"M400 32H48A48 48 0 0 0 0 80v352a48 48 0 0 0 48 48h352a48 48 0 0 0 48-48V80a48 48 0 0 0-48-48zm-16.39 307.37l-15 65A15 15 0 0 1 354 416C194 416 64 286.29 64 126a15.7 15.7 0 0 1 11.63-14.61l65-15A18.23 18.23 0 0 1 144 96a16.27 16.27 0 0 1 13.79 9.09l30 70A17.9 17.9 0 0 1 189 181a17 17 0 0 1-5.5 11.61l-37.89 31a231.91 231.91 0 0 0 110.78 110.78l31-37.89A17 17 0 0 1 299 291a17.85 17.85 0 0 1 5.91 1.21l70 30A16.25 16.25 0 0 1 384 336a17.41 17.41 0 0 1-.39 3.37z\"><\/path><\/svg>\t\t\t\t\t\t<\/span>\n\t\t\t\t\t\t\t\t\t\t<span class=\"elementor-icon-list-text\">Tel. +351 <b>210 026 559<\/b><\/span>\n\t\t\t\t\t\t\t\t\t\t\t<\/a>\n\t\t\t\t\t\t\t\t\t<\/li>\n\t\t\t\t\t\t<\/ul>\n\t\t\t\t\t\t<\/div>\n\t\t\t\t<div class=\"elementor-element elementor-element-b061ec3 elementor-icon-list--layout-traditional elementor-list-item-link-full_width elementor-widget elementor-widget-icon-list\" data-id=\"b061ec3\" data-element_type=\"widget\" data-e-type=\"widget\" data-widget_type=\"icon-list.default\">\n\t\t\t\t\t\t\t<ul class=\"elementor-icon-list-items\">\n\t\t\t\t\t\t\t<li class=\"elementor-icon-list-item\">\n\t\t\t\t\t\t\t\t\t\t\t<a href=\"mailto:lsb.suphrd.gpt@greeniberica.pt\">\n\n\t\t\t\t\t\t\t\t\t\t\t\t<span class=\"elementor-icon-list-icon\">\n\t\t\t\t\t\t\t<svg aria-hidden=\"true\" class=\"e-font-icon-svg e-fas-envelope-square\" viewBox=\"0 0 448 512\" xmlns=\"http:\/\/www.w3.org\/2000\/svg\"><path d=\"M400 32H48C21.49 32 0 53.49 0 80v352c0 26.51 21.49 48 48 48h352c26.51 0 48-21.49 48-48V80c0-26.51-21.49-48-48-48zM178.117 262.104C87.429 196.287 88.353 196.121 64 177.167V152c0-13.255 10.745-24 24-24h272c13.255 0 24 10.745 24 24v25.167c-24.371 18.969-23.434 19.124-114.117 84.938-10.5 7.655-31.392 26.12-45.883 25.894-14.503.218-35.367-18.227-45.883-25.895zM384 217.775V360c0 13.255-10.745 24-24 24H88c-13.255 0-24-10.745-24-24V217.775c13.958 10.794 33.329 25.236 95.303 70.214 14.162 10.341 37.975 32.145 64.694 32.01 26.887.134 51.037-22.041 64.72-32.025 61.958-44.965 81.325-59.406 95.283-70.199z\"><\/path><\/svg>\t\t\t\t\t\t<\/span>\n\t\t\t\t\t\t\t\t\t\t<span class=\"elementor-icon-list-text\">Email: lsb.suphrd.gpt@greeniberica.pt<\/span>\n\t\t\t\t\t\t\t\t\t\t\t<\/a>\n\t\t\t\t\t\t\t\t\t<\/li>\n\t\t\t\t\t\t<\/ul>\n\t\t\t\t\t\t<\/div>\n\t\t\t\t<\/div>\n\t\t\t\t<div class=\"elementor-element elementor-element-2eb774f3 elementor-widget elementor-widget-heading\" data-id=\"2eb774f3\" data-element_type=\"widget\" data-e-type=\"widget\" data-widget_type=\"heading.default\">\n\t\t\t\t\t<p class=\"elementor-heading-title elementor-size-default\">-<\/p>\t\t\t\t<\/div>\n\t\t\t\t<\/div>\n\t\t<div class=\"elementor-element elementor-element-2e9284ab e-con-full e-flex e-con e-child\" data-id=\"2e9284ab\" data-element_type=\"container\" data-e-type=\"container\">\n\t\t<div class=\"elementor-element elementor-element-ae19420 e-con-full e-flex e-con e-child\" data-id=\"ae19420\" data-element_type=\"container\" data-e-type=\"container\">\n\t\t\t\t<div class=\"elementor-element elementor-element-31aa003c elementor-widget elementor-widget-heading\" data-id=\"31aa003c\" data-element_type=\"widget\" data-e-type=\"widget\" data-widget_type=\"heading.default\">\n\t\t\t\t\t<h3 class=\"elementor-heading-title elementor-size-default\">Green Ib\u00e9rica Leix\u00f5es<\/h3>\t\t\t\t<\/div>\n\t\t\t\t<div class=\"elementor-element elementor-element-4e5bb70e elementor-icon-list--layout-traditional elementor-list-item-link-full_width elementor-widget elementor-widget-icon-list\" data-id=\"4e5bb70e\" data-element_type=\"widget\" data-e-type=\"widget\" data-widget_type=\"icon-list.default\">\n\t\t\t\t\t\t\t<ul class=\"elementor-icon-list-items\">\n\t\t\t\t\t\t\t<li class=\"elementor-icon-list-item\">\n\t\t\t\t\t\t\t\t\t\t\t<a href=\"tel:351%20229%20991%20310\">\n\n\t\t\t\t\t\t\t\t\t\t\t\t<span class=\"elementor-icon-list-icon\">\n\t\t\t\t\t\t\t<svg aria-hidden=\"true\" class=\"e-font-icon-svg e-fas-phone-square-alt\" viewBox=\"0 0 448 512\" xmlns=\"http:\/\/www.w3.org\/2000\/svg\"><path d=\"M400 32H48A48 48 0 0 0 0 80v352a48 48 0 0 0 48 48h352a48 48 0 0 0 48-48V80a48 48 0 0 0-48-48zm-16.39 307.37l-15 65A15 15 0 0 1 354 416C194 416 64 286.29 64 126a15.7 15.7 0 0 1 11.63-14.61l65-15A18.23 18.23 0 0 1 144 96a16.27 16.27 0 0 1 13.79 9.09l30 70A17.9 17.9 0 0 1 189 181a17 17 0 0 1-5.5 11.61l-37.89 31a231.91 231.91 0 0 0 110.78 110.78l31-37.89A17 17 0 0 1 299 291a17.85 17.85 0 0 1 5.91 1.21l70 30A16.25 16.25 0 0 1 384 336a17.41 17.41 0 0 1-.39 3.37z\"><\/path><\/svg>\t\t\t\t\t\t<\/span>\n\t\t\t\t\t\t\t\t\t\t<span class=\"elementor-icon-list-text\">Tel. +351 <b>229 991 310<\/b><\/span>\n\t\t\t\t\t\t\t\t\t\t\t<\/a>\n\t\t\t\t\t\t\t\t\t<\/li>\n\t\t\t\t\t\t\t\t<li class=\"elementor-icon-list-item\">\n\t\t\t\t\t\t\t\t\t\t\t<a href=\"tel:351%20229%20991%20308\">\n\n\t\t\t\t\t\t\t\t\t\t\t\t<span class=\"elementor-icon-list-icon\">\n\t\t\t\t\t\t\t<svg aria-hidden=\"true\" class=\"e-font-icon-svg e-fas-phone-square-alt\" viewBox=\"0 0 448 512\" xmlns=\"http:\/\/www.w3.org\/2000\/svg\"><path d=\"M400 32H48A48 48 0 0 0 0 80v352a48 48 0 0 0 48 48h352a48 48 0 0 0 48-48V80a48 48 0 0 0-48-48zm-16.39 307.37l-15 65A15 15 0 0 1 354 416C194 416 64 286.29 64 126a15.7 15.7 0 0 1 11.63-14.61l65-15A18.23 18.23 0 0 1 144 96a16.27 16.27 0 0 1 13.79 9.09l30 70A17.9 17.9 0 0 1 189 181a17 17 0 0 1-5.5 11.61l-37.89 31a231.91 231.91 0 0 0 110.78 110.78l31-37.89A17 17 0 0 1 299 291a17.85 17.85 0 0 1 5.91 1.21l70 30A16.25 16.25 0 0 1 384 336a17.41 17.41 0 0 1-.39 3.37z\"><\/path><\/svg>\t\t\t\t\t\t<\/span>\n\t\t\t\t\t\t\t\t\t\t<span class=\"elementor-icon-list-text\">Tel. +351 <b>229 991 308<\/b><\/span>\n\t\t\t\t\t\t\t\t\t\t\t<\/a>\n\t\t\t\t\t\t\t\t\t<\/li>\n\t\t\t\t\t\t<\/ul>\n\t\t\t\t\t\t<\/div>\n\t\t\t\t<div class=\"elementor-element elementor-element-7afe4326 elementor-icon-list--layout-traditional elementor-list-item-link-full_width elementor-widget elementor-widget-icon-list\" data-id=\"7afe4326\" data-element_type=\"widget\" data-e-type=\"widget\" data-widget_type=\"icon-list.default\">\n\t\t\t\t\t\t\t<ul class=\"elementor-icon-list-items\">\n\t\t\t\t\t\t\t<li class=\"elementor-icon-list-item\">\n\t\t\t\t\t\t\t\t\t\t\t<a href=\"mailto:lxo.finact.gpt@greeniberica.pt\">\n\n\t\t\t\t\t\t\t\t\t\t\t\t<span class=\"elementor-icon-list-icon\">\n\t\t\t\t\t\t\t<svg aria-hidden=\"true\" class=\"e-font-icon-svg e-fas-envelope-square\" viewBox=\"0 0 448 512\" xmlns=\"http:\/\/www.w3.org\/2000\/svg\"><path d=\"M400 32H48C21.49 32 0 53.49 0 80v352c0 26.51 21.49 48 48 48h352c26.51 0 48-21.49 48-48V80c0-26.51-21.49-48-48-48zM178.117 262.104C87.429 196.287 88.353 196.121 64 177.167V152c0-13.255 10.745-24 24-24h272c13.255 0 24 10.745 24 24v25.167c-24.371 18.969-23.434 19.124-114.117 84.938-10.5 7.655-31.392 26.12-45.883 25.894-14.503.218-35.367-18.227-45.883-25.895zM384 217.775V360c0 13.255-10.745 24-24 24H88c-13.255 0-24-10.745-24-24V217.775c13.958 10.794 33.329 25.236 95.303 70.214 14.162 10.341 37.975 32.145 64.694 32.01 26.887.134 51.037-22.041 64.72-32.025 61.958-44.965 81.325-59.406 95.283-70.199z\"><\/path><\/svg>\t\t\t\t\t\t<\/span>\n\t\t\t\t\t\t\t\t\t\t<span class=\"elementor-icon-list-text\">Email: lxo.finact.gpt@greeniberica.pt<\/span>\n\t\t\t\t\t\t\t\t\t\t\t<\/a>\n\t\t\t\t\t\t\t\t\t<\/li>\n\t\t\t\t\t\t<\/ul>\n\t\t\t\t\t\t<\/div>\n\t\t\t\t<\/div>\n\t\t\t\t<div class=\"elementor-element elementor-element-5745a147 elementor-widget elementor-widget-heading\" data-id=\"5745a147\" data-element_type=\"widget\" data-e-type=\"widget\" data-widget_type=\"heading.default\">\n\t\t\t\t\t<p class=\"elementor-heading-title elementor-size-default\">-<\/p>\t\t\t\t<\/div>\n\t\t\t\t<\/div>\n\t\t\t\t\t<\/div>\n\t\t\t\t<\/div>\n\t\t\t\t<\/div>\n\t\t","protected":false},"excerpt":{"rendered":"<p>Contact Finance Green Ib\u00e9rica Lisbon Tel. +351 210 026 583 Tel. +351 210 026 502 Email: lsb.finact.gpt@greeniberica.pt Green Ib\u00e9rica Human Resources Tel. +351 210 026 559 Email: lsb.suphrd.gpt@greeniberica.pt &#8211; Green Ib\u00e9rica Leix\u00f5es Tel. +351 229 991 310 Tel. +351 229 991 308 Email: lxo.finact.gpt@greeniberica.pt &#8211;<\/p>\n","protected":false},"author":1,"featured_media":0,"parent":0,"menu_order":0,"comment_status":"closed","ping_status":"closed","template":"","meta":{"iawp_total_views":21,"footnotes":""},"class_list":["post-3881","page","type-page","status-publish","hentry"],"_links":{"self":[{"href":"https:\/\/greeniberica.pt\/en\/wp-json\/wp\/v2\/pages\/3881","targetHints":{"allow":["GET"]}}],"collection":[{"href":"https:\/\/greeniberica.pt\/en\/wp-json\/wp\/v2\/pages"}],"about":[{"href":"https:\/\/greeniberica.pt\/en\/wp-json\/wp\/v2\/types\/page"}],"author":[{"embeddable":true,"href":"https:\/\/greeniberica.pt\/en\/wp-json\/wp\/v2\/users\/1"}],"replies":[{"embeddable":true,"href":"https:\/\/greeniberica.pt\/en\/wp-json\/wp\/v2\/comments?post=3881"}],"version-history":[{"count":2,"href":"https:\/\/greeniberica.pt\/en\/wp-json\/wp\/v2\/pages\/3881\/revisions"}],"predecessor-version":[{"id":5119,"href":"https:\/\/greeniberica.pt\/en\/wp-json\/wp\/v2\/pages\/3881\/revisions\/5119"}],"wp:attachment":[{"href":"https:\/\/greeniberica.pt\/en\/wp-json\/wp\/v2\/media?parent=3881"}],"curies":[{"name":"wp","href":"https:\/\/api.w.org\/{rel}","templated":true}]}}